{"id":2,"date":"2023-01-19T14:29:28","date_gmt":"2023-01-19T14:29:28","guid":{"rendered":"https:\/\/marikanaeht.at\/?page_id=2"},"modified":"2023-06-14T11:46:37","modified_gmt":"2023-06-14T11:46:37","slug":"sample-page","status":"publish","type":"page","link":"https:\/\/marikanaeht.at\/","title":{"rendered":"Home"},"content":{"rendered":"\n<p class=\"has-text-align-center has-contrast-color has-text-color has-link-color has-large-font-size wp-elements-268744d221b60b3fb9830c6eb29433da\">Ich \u00fcbernehme<br>gerne die Reparatur und <br>\u00c4nderung von Kleidung, <br>das N\u00e4hen und \u00c4ndern <br>von Heimtextilien, sowie <br>B\u00fcgelarbeiten. <\/p>\n\n\n\n<div style=\"height:45px\" aria-hidden=\"true\" class=\"wp-block-spacer\"><\/div>\n\n\n\n<p class=\"has-text-align-center has-contrast-color has-text-color has-link-color has-large-font-size wp-elements-d5f3f54f7585f1d270adc2a652efac11\">Meine \u00d6ffnungszeiten sind <br>jeden Donnerstag 9-18 Uhr <br>oder nach telefonischer <br>Vereinbarung.<\/p>\n\n\n\n<div style=\"height:45px\" aria-hidden=\"true\" class=\"wp-block-spacer\"><\/div>\n\n\n\n<p class=\"has-text-align-center has-contrast-color has-text-color has-link-color has-large-font-size wp-elements-d2efb4304f7024c4e434b62887ee0419\">ICH FREUE MICH!<\/p>\n\n\n\n<div class=\"wp-block-group has-global-padding is-layout-constrained wp-block-group-is-layout-constrained\">\n<div style=\"height:75px\" aria-hidden=\"true\" class=\"wp-block-spacer\"><\/div>\n\n\n\n<div class=\"wp-block-group has-global-padding is-layout-constrained wp-block-group-is-layout-constrained\">\n<div class=\"wp-block-columns is-layout-flex wp-container-core-columns-is-layout-28f84493 wp-block-columns-is-layout-flex\">\n<div class=\"wp-block-column is-layout-flow wp-block-column-is-layout-flow\" style=\"flex-basis:100%\">\n<div class=\"wp-block-columns is-layout-flex wp-container-core-columns-is-layout-28f84493 wp-block-columns-is-layout-flex\">\n<div class=\"wp-block-column is-layout-flow wp-block-column-is-layout-flow\">\n<figure class=\"wp-block-image size-full is-resized\"><img loading=\"lazy\" decoding=\"async\" src=\"https:\/\/marikanaeht.at\/wp-content\/uploads\/2023\/06\/7.jpg\" alt=\"\" class=\"wp-image-130\" width=\"208\" height=\"208\" srcset=\"https:\/\/marikanaeht.at\/wp-content\/uploads\/2023\/06\/7.jpg 1024w, https:\/\/marikanaeht.at\/wp-content\/uploads\/2023\/06\/7-300x300.jpg 300w, https:\/\/marikanaeht.at\/wp-content\/uploads\/2023\/06\/7-150x150.jpg 150w, https:\/\/marikanaeht.at\/wp-content\/uploads\/2023\/06\/7-768x768.jpg 768w\" sizes=\"auto, (max-width: 208px) 100vw, 208px\" \/><\/figure>\n<\/div>\n\n\n\n<div class=\"wp-block-column is-layout-flow wp-block-column-is-layout-flow\">\n<figure class=\"wp-block-image size-full is-resized\"><img loading=\"lazy\" decoding=\"async\" src=\"https:\/\/marikanaeht.at\/wp-content\/uploads\/2023\/06\/6.jpg\" alt=\"\" class=\"wp-image-129\" width=\"209\" height=\"209\" srcset=\"https:\/\/marikanaeht.at\/wp-content\/uploads\/2023\/06\/6.jpg 1024w, https:\/\/marikanaeht.at\/wp-content\/uploads\/2023\/06\/6-300x300.jpg 300w, https:\/\/marikanaeht.at\/wp-content\/uploads\/2023\/06\/6-150x150.jpg 150w, https:\/\/marikanaeht.at\/wp-content\/uploads\/2023\/06\/6-768x768.jpg 768w\" sizes=\"auto, (max-width: 209px) 100vw, 209px\" \/><\/figure>\n<\/div>\n\n\n\n<div class=\"wp-block-column is-layout-flow wp-block-column-is-layout-flow\">\n<div class=\"wp-block-columns is-layout-flex wp-container-core-columns-is-layout-28f84493 wp-block-columns-is-layout-flex\">\n<div class=\"wp-block-column is-layout-flow wp-block-column-is-layout-flow\">\n<figure class=\"wp-block-image size-full is-resized\"><img loading=\"lazy\" decoding=\"async\" src=\"https:\/\/marikanaeht.at\/wp-content\/uploads\/2023\/06\/8.jpg\" alt=\"\" class=\"wp-image-131\" width=\"209\" height=\"209\" srcset=\"https:\/\/marikanaeht.at\/wp-content\/uploads\/2023\/06\/8.jpg 1024w, https:\/\/marikanaeht.at\/wp-content\/uploads\/2023\/06\/8-300x300.jpg 300w, https:\/\/marikanaeht.at\/wp-content\/uploads\/2023\/06\/8-150x150.jpg 150w, https:\/\/marikanaeht.at\/wp-content\/uploads\/2023\/06\/8-768x768.jpg 768w\" sizes=\"auto, (max-width: 209px) 100vw, 209px\" \/><\/figure>\n<\/div>\n<\/div>\n<\/div>\n<\/div>\n<\/div>\n<\/div>\n<\/div>\n<\/div>\n\n\n\n<div class=\"wp-block-group has-global-padding is-layout-constrained wp-block-group-is-layout-constrained\">\n<div style=\"height:45px\" aria-hidden=\"true\" class=\"wp-block-spacer\"><\/div>\n\n\n\n<div class=\"wp-block-columns is-layout-flex wp-container-core-columns-is-layout-28f84493 wp-block-columns-is-layout-flex\">\n<div class=\"wp-block-column is-layout-flow wp-block-column-is-layout-flow\">\n<figure class=\"wp-block-image size-full is-resized\"><img loading=\"lazy\" decoding=\"async\" src=\"https:\/\/marikanaeht.at\/wp-content\/uploads\/2023\/06\/1.jpg\" alt=\"\" class=\"wp-image-124\" width=\"208\" height=\"208\" srcset=\"https:\/\/marikanaeht.at\/wp-content\/uploads\/2023\/06\/1.jpg 1024w, https:\/\/marikanaeht.at\/wp-content\/uploads\/2023\/06\/1-300x300.jpg 300w, https:\/\/marikanaeht.at\/wp-content\/uploads\/2023\/06\/1-150x150.jpg 150w, https:\/\/marikanaeht.at\/wp-content\/uploads\/2023\/06\/1-768x768.jpg 768w\" sizes=\"auto, (max-width: 208px) 100vw, 208px\" \/><\/figure>\n<\/div>\n\n\n\n<div class=\"wp-block-column is-layout-flow wp-block-column-is-layout-flow\">\n<figure class=\"wp-block-image size-full is-resized\"><img loading=\"lazy\" decoding=\"async\" src=\"https:\/\/marikanaeht.at\/wp-content\/uploads\/2023\/06\/5.jpg\" alt=\"\" class=\"wp-image-128\" width=\"208\" height=\"208\" srcset=\"https:\/\/marikanaeht.at\/wp-content\/uploads\/2023\/06\/5.jpg 1024w, https:\/\/marikanaeht.at\/wp-content\/uploads\/2023\/06\/5-300x300.jpg 300w, https:\/\/marikanaeht.at\/wp-content\/uploads\/2023\/06\/5-150x150.jpg 150w, https:\/\/marikanaeht.at\/wp-content\/uploads\/2023\/06\/5-768x768.jpg 768w\" sizes=\"auto, (max-width: 208px) 100vw, 208px\" \/><\/figure>\n<\/div>\n\n\n\n<div class=\"wp-block-column is-layout-flow wp-block-column-is-layout-flow\">\n<figure class=\"wp-block-image size-full is-resized\"><img loading=\"lazy\" decoding=\"async\" src=\"https:\/\/marikanaeht.at\/wp-content\/uploads\/2023\/06\/3.jpg\" alt=\"\" class=\"wp-image-126\" width=\"208\" height=\"208\" srcset=\"https:\/\/marikanaeht.at\/wp-content\/uploads\/2023\/06\/3.jpg 1024w, https:\/\/marikanaeht.at\/wp-content\/uploads\/2023\/06\/3-300x300.jpg 300w, https:\/\/marikanaeht.at\/wp-content\/uploads\/2023\/06\/3-150x150.jpg 150w, https:\/\/marikanaeht.at\/wp-content\/uploads\/2023\/06\/3-768x768.jpg 768w\" sizes=\"auto, (max-width: 208px) 100vw, 208px\" \/><\/figure>\n<\/div>\n<\/div>\n\n\n\n<p><\/p>\n<\/div>\n\n\n\n<p><\/p>\n\n\n\n<p><\/p>\n\n\n\n<p><\/p>\n\n\n\n<p><\/p>\n\n\n\n<p><\/p>\n","protected":false},"excerpt":{"rendered":"<p>Ich \u00fcbernehmegerne die Reparatur und \u00c4nderung von Kleidung, das N\u00e4hen und \u00c4ndern von Heimtextilien, sowie B\u00fcgelarbeiten. Meine \u00d6ffnungszeiten sind jeden Donnerstag 9-18 Uhr oder nach telefonischer Vereinbarung. ICH FREUE MICH!<\/p>\n","protected":false},"author":1,"featured_media":0,"parent":0,"menu_order":0,"comment_status":"closed","ping_status":"open","template":"","meta":{"footnotes":""},"class_list":["post-2","page","type-page","status-publish","hentry"],"_links":{"self":[{"href":"https:\/\/marikanaeht.at\/index.php?rest_route=\/wp\/v2\/pages\/2","targetHints":{"allow":["GET"]}}],"collection":[{"href":"https:\/\/marikanaeht.at\/index.php?rest_route=\/wp\/v2\/pages"}],"about":[{"href":"https:\/\/marikanaeht.at\/index.php?rest_route=\/wp\/v2\/types\/page"}],"author":[{"embeddable":true,"href":"https:\/\/marikanaeht.at\/index.php?rest_route=\/wp\/v2\/users\/1"}],"replies":[{"embeddable":true,"href":"https:\/\/marikanaeht.at\/index.php?rest_route=%2Fwp%2Fv2%2Fcomments&post=2"}],"version-history":[{"count":25,"href":"https:\/\/marikanaeht.at\/index.php?rest_route=\/wp\/v2\/pages\/2\/revisions"}],"predecessor-version":[{"id":134,"href":"https:\/\/marikanaeht.at\/index.php?rest_route=\/wp\/v2\/pages\/2\/revisions\/134"}],"wp:attachment":[{"href":"https:\/\/marikanaeht.at\/index.php?rest_route=%2Fwp%2Fv2%2Fmedia&parent=2"}],"curies":[{"name":"wp","href":"https:\/\/api.w.org\/{rel}","templated":true}]}}